{"id":505,"date":"2024-10-28T22:20:53","date_gmt":"2024-10-28T21:20:53","guid":{"rendered":"https:\/\/kundusia.pl\/?page_id=505"},"modified":"2025-02-06T17:20:05","modified_gmt":"2025-02-06T16:20:05","slug":"prosby-i-podziekowania-za-wstawiennictwem","status":"publish","type":"page","link":"https:\/\/kundusia.pl\/index.php\/prosby-i-podziekowania-za-wstawiennictwem\/","title":{"rendered":"Pro\u015bby i podzi\u0119kowania za wstawiennictwem S\u0142u\u017cebnicy Bo\u017cej Kunegundy Siwiec"},"content":{"rendered":"\n<p>Zach\u0119camy do zamieszczania poni\u017cej w sekcji &#8222;Dodaj komentarz&#8221; modlitewnych pr\u00f3\u015bb, podzi\u0119kowa\u0144 oraz \u015bwiadectw wyproszonych \u0142ask za wstawiennictwem Kundusi .<\/p>\n\n\n\n<p>Wpisy pojawiaj\u0105 si\u0119 dopiero po zatwierdzeniu przez Administratora strony co mo\u017ce zaj\u0105\u0107 czasem kilka dni.<\/p>\n\n\n\n<p><\/p>\n","protected":false},"excerpt":{"rendered":"<p>Zach\u0119camy do zamieszczania poni\u017cej w sekcji &#8222;Dodaj komentarz&#8221; modlitewnych pr\u00f3\u015bb, podzi\u0119kowa\u0144 oraz \u015bwiadectw wyproszonych \u0142ask za wstawiennictwem Kundusi . Wpisy pojawiaj\u0105 si\u0119 dopiero po zatwierdzeniu przez Administratora strony co mo\u017ce zaj\u0105\u0107 czasem kilka dni.<\/p>\n","protected":false},"author":3,"featured_media":509,"parent":0,"menu_order":0,"comment_status":"open","ping_status":"closed","template":"","meta":{"footnotes":""},"class_list":["post-505","page","type-page","status-publish","has-post-thumbnail","hentry"],"_links":{"self":[{"href":"https:\/\/kundusia.pl\/index.php\/wp-json\/wp\/v2\/pages\/505","targetHints":{"allow":["GET"]}}],"collection":[{"href":"https:\/\/kundusia.pl\/index.php\/wp-json\/wp\/v2\/pages"}],"about":[{"href":"https:\/\/kundusia.pl\/index.php\/wp-json\/wp\/v2\/types\/page"}],"author":[{"embeddable":true,"href":"https:\/\/kundusia.pl\/index.php\/wp-json\/wp\/v2\/users\/3"}],"replies":[{"embeddable":true,"href":"https:\/\/kundusia.pl\/index.php\/wp-json\/wp\/v2\/comments?post=505"}],"version-history":[{"count":8,"href":"https:\/\/kundusia.pl\/index.php\/wp-json\/wp\/v2\/pages\/505\/revisions"}],"predecessor-version":[{"id":543,"href":"https:\/\/kundusia.pl\/index.php\/wp-json\/wp\/v2\/pages\/505\/revisions\/543"}],"wp:featuredmedia":[{"embeddable":true,"href":"https:\/\/kundusia.pl\/index.php\/wp-json\/wp\/v2\/media\/509"}],"wp:attachment":[{"href":"https:\/\/kundusia.pl\/index.php\/wp-json\/wp\/v2\/media?parent=505"}],"curies":[{"name":"wp","href":"https:\/\/api.w.org\/{rel}","templated":true}]}}