{"id":44,"date":"2023-08-17T15:19:54","date_gmt":"2023-08-17T13:19:54","guid":{"rendered":"http:\/\/kundusia.pl\/?page_id=44"},"modified":"2024-10-14T08:59:22","modified_gmt":"2024-10-14T06:59:22","slug":"modlitwa-o-beatyfikacje-kunegundy-siwiec","status":"publish","type":"page","link":"https:\/\/kundusia.pl\/index.php\/modlitwa-o-beatyfikacje-kunegundy-siwiec\/","title":{"rendered":"Modlitwa o beatyfikacj\u0119 Kunegundy Siwiec"},"content":{"rendered":"\n<p><em>Mi\u0142osierny Bo\u017ce, kt\u00f3ry masz staranie o ka\u017cde, nawet najmniejsze stworzenie, a szczeg\u00f3lnie dbasz o dusze oddane Tobie, b\u0105d\u017a uwielbiony za pokorn\u0105 mi\u0142o\u015b\u0107 apostolsk\u0105, jak\u0105 wzbudzi\u0142e\u015b w Twojej s\u0142u\u017cebnicy Kunegundzie.<\/em><\/p>\n\n\n\n<p><em>Spraw, aby przyk\u0142ad jej gorliwo\u015bci o zbawienie ludzi poci\u0105gn\u0105\u0142 wielu do budowania wsp\u00f3lnoty Ko\u015bcio\u0142a swoim codziennym wysi\u0142kiem, cierpieniem i modlitw\u0105.<\/em><\/p>\n\n\n\n<p><em>Przez wstawiennictwo Twojej s\u0142u\u017cebnicy Kunegundy, udziel mi \u0142aski, o kt\u00f3r\u0105 pokornie prosz\u0119, a j\u0105 sam\u0105 obdarz chwa\u0142\u0105 o\u0142tarzy.<\/em><\/p>\n\n\n\n<p><em>Przez Chrystusa Pana naszego.<\/em><\/p>\n\n\n\n<p>(Imprimatur, kard. Stanis\u0142aw Dziwisz, 3 VI 2009, Nr 1522)<\/p>\n\n\n\n<hr class=\"wp-block-separator has-alpha-channel-opacity\"\/>\n\n\n\n<h4 class=\"wp-block-heading\">O otrzymanych \u0142askach za wstawiennictwem S\u0142ugi Bo\u017cej Kunegundy Siwiec mo\u017cna informowa\u0107 pisz\u0105c na adres: <a href=\"about:blank\">kundusia@kundusia.pl<\/a><\/h4>\n\n\n\n<hr class=\"wp-block-separator has-alpha-channel-opacity\"\/>\n\n\n\n<p class=\"has-text-align-center\"><strong>Modlitwa o wyniesienie na o\u0142tarze<\/strong><\/p>\n\n\n\n<p><em>Ojcze Przedwieczny, kt\u00f3ry swoj\u0105 wszechmoc okazujesz naj\u00adbardziej przez przebaczenie, mi\u0142o\u015b\u0107 i mi\u0142osierdzie, dzi\u0119ki Ci sk\u0142adamy za \u0142aski udzielone Kunegundzie Siwiec i prosimy Ci\u0119: racz wywy\u017cszy\u0107 t\u0119, kt\u00f3ra odrzuci\u0142a \u015bwiat, aby odpowiedzie\u0107 na Twoje wezwanie mi\u0142o\u015bci. Spraw, aby zosta\u0142a wyniesiona do chwa\u0142y o\u0142tarzy, by blask jej cn\u00f3t przy\u015bwieca\u0142 nam w \u017cyciu ku Twojej chwale. Przez Chrystusa Pana naszego. Amen.<\/em><\/p>\n\n\n\n<p><em>(Imprimatur: ks. kard. Stanis\u0142aw Dziwisz, Krak\u00f3w 23.04.2008, Nr 1075)<\/em><\/p>\n\n\n\n<hr class=\"wp-block-separator has-alpha-channel-opacity\"\/>\n\n\n\n<div class=\"wp-block-group\"><div class=\"wp-block-group__inner-container is-layout-constrained wp-block-group-is-layout-constrained\">\n<p class=\"has-text-align-center\"><strong>MODLITWA O POKOR\u0118 I M\u0118STWO PRZEZ WSTAWIENNICTWO<\/strong><\/p>\n\n\n\n<p class=\"has-text-align-center\"><strong>&nbsp;S\u0142u\u017cebnicy Bo\u017cej Kunegundy Siwiec<\/strong><\/p>\n<\/div><\/div>\n\n\n\n<p><em>Panie Jezu Chryste, Twoja s\u0142u\u017cebnica Kunegunda pozna\u0142a, \u017ce jeste\u015b Bogiem pokoju i \u017ce pok\u00f3j Tw\u00f3j jest darem, kt\u00f3rego ma strzec z pokor\u0105 i m\u0119stwem. Udziel mi przez jej wstawiennictwo \u0142aski do zdobywania cn\u00f3t pokory i m\u0119stwa, abym m\u00f3g\u0142 (mog\u0142a) doznawa\u0107 w g\u0142\u0119bi serca prawdziwego pokoju nawet po\u015br\u00f3d wielu zaj\u0119\u0107 i przeciwno\u015bci. Kt\u00f3ry \u017cyjesz i kr\u00f3lujesz na wieki wiek\u00f3w. Amen.<\/em><\/p>\n\n\n\n<p>(Imprimatur, kard. Stanis\u0142aw Dziwisz, 3 VI 2009, Nr 1522)<\/p>\n","protected":false},"excerpt":{"rendered":"<p>Mi\u0142osierny Bo\u017ce, kt\u00f3ry masz staranie o ka\u017cde, nawet najmniejsze stworzenie, a szczeg\u00f3lnie dbasz o dusze oddane Tobie, b\u0105d\u017a uwielbiony za pokorn\u0105 mi\u0142o\u015b\u0107 apostolsk\u0105, jak\u0105 wzbudzi\u0142e\u015b w Twojej s\u0142u\u017cebnicy Kunegundzie. Spraw, aby przyk\u0142ad jej gorliwo\u015bci o zbawienie ludzi poci\u0105gn\u0105\u0142 wielu do budowania wsp\u00f3lnoty Ko\u015bcio\u0142a swoim codziennym wysi\u0142kiem, cierpieniem i modlitw\u0105. Przez wstawiennictwo Twojej s\u0142u\u017cebnicy Kunegundy, udziel [&hellip;]<\/p>\n","protected":false},"author":1,"featured_media":495,"parent":0,"menu_order":0,"comment_status":"closed","ping_status":"closed","template":"","meta":{"footnotes":""},"class_list":["post-44","page","type-page","status-publish","has-post-thumbnail","hentry"],"_links":{"self":[{"href":"https:\/\/kundusia.pl\/index.php\/wp-json\/wp\/v2\/pages\/44","targetHints":{"allow":["GET"]}}],"collection":[{"href":"https:\/\/kundusia.pl\/index.php\/wp-json\/wp\/v2\/pages"}],"about":[{"href":"https:\/\/kundusia.pl\/index.php\/wp-json\/wp\/v2\/types\/page"}],"author":[{"embeddable":true,"href":"https:\/\/kundusia.pl\/index.php\/wp-json\/wp\/v2\/users\/1"}],"replies":[{"embeddable":true,"href":"https:\/\/kundusia.pl\/index.php\/wp-json\/wp\/v2\/comments?post=44"}],"version-history":[{"count":3,"href":"https:\/\/kundusia.pl\/index.php\/wp-json\/wp\/v2\/pages\/44\/revisions"}],"predecessor-version":[{"id":286,"href":"https:\/\/kundusia.pl\/index.php\/wp-json\/wp\/v2\/pages\/44\/revisions\/286"}],"wp:featuredmedia":[{"embeddable":true,"href":"https:\/\/kundusia.pl\/index.php\/wp-json\/wp\/v2\/media\/495"}],"wp:attachment":[{"href":"https:\/\/kundusia.pl\/index.php\/wp-json\/wp\/v2\/media?parent=44"}],"curies":[{"name":"wp","href":"https:\/\/api.w.org\/{rel}","templated":true}]}}