{"id":42,"date":"2023-08-17T15:19:28","date_gmt":"2023-08-17T13:19:28","guid":{"rendered":"http:\/\/kundusia.pl\/?page_id=42"},"modified":"2023-08-23T13:50:39","modified_gmt":"2023-08-23T11:50:39","slug":"kim-byla-kunegunda-siwiec","status":"publish","type":"page","link":"https:\/\/kundusia.pl\/index.php\/kim-byla-kunegunda-siwiec\/","title":{"rendered":"Kim by\u0142a Kunegunda Siwiec?"},"content":{"rendered":"\n<p><strong>Kunegunda Siwiec<\/strong>, nazywana Kundusi\u0105, to \u015bwiecka karmelitanka ze wsp\u00f3lnoty wadowickiej, kt\u00f3ra zmar\u0142a w opinii \u015bwi\u0119to\u015bci w 1955 r.<\/p>\n\n\n\n<p>W wieku dwudziestu lat z\u0142o\u017cy\u0142a za zgod\u0105 spowiednika prywatny \u015blub czysto\u015bci i w 1923 r. wst\u0105pi\u0142a do Trzeciego (dzi\u015b \u015awieckiego) Zakonu Karmelit\u00f3w Bosych, przyjmuj\u0105c imi\u0119 Teresa od Dzieci\u0105tka Jezus.<\/p>\n\n\n\n<p>Od 1942 r. ks. Bronis\u0142aw Bartkowski, kapelan si\u00f3str zmartwychwstanek i kierownik duchowy Kundusi, rozpocz\u0105\u0142 notowanie jej Nadprzyrodzonych o\u015bwiece\u0144, tj. rozm\u00f3w, jakie prowadzi\u0142a z Panem Jezusem, z Matk\u0105 Bo\u017c\u0105 i ze \u015bwi\u0119tymi.<\/p>\n\n\n<div class=\"wp-block-image is-style-rounded-corners\">\n<figure class=\"aligncenter size-large is-resized\"><img loading=\"lazy\" decoding=\"async\" src=\"https:\/\/kundusia.pl\/wp-content\/uploads\/2023\/08\/257118_158011184266820_5775368_o-1-694x1024.jpg\" alt=\"\" class=\"wp-image-166\" style=\"width:230px;height:340px\" width=\"230\" height=\"340\" srcset=\"https:\/\/kundusia.pl\/wp-content\/uploads\/2023\/08\/257118_158011184266820_5775368_o-1-694x1024.jpg 694w, https:\/\/kundusia.pl\/wp-content\/uploads\/2023\/08\/257118_158011184266820_5775368_o-1-203x300.jpg 203w, https:\/\/kundusia.pl\/wp-content\/uploads\/2023\/08\/257118_158011184266820_5775368_o-1-768x1133.jpg 768w, https:\/\/kundusia.pl\/wp-content\/uploads\/2023\/08\/257118_158011184266820_5775368_o-1-1041x1536.jpg 1041w, https:\/\/kundusia.pl\/wp-content\/uploads\/2023\/08\/257118_158011184266820_5775368_o-1.jpg 1112w\" sizes=\"auto, (max-width: 230px) 100vw, 230px\" \/><\/figure>\n<\/div>","protected":false},"excerpt":{"rendered":"<p>Kunegunda Siwiec, nazywana Kundusi\u0105, to \u015bwiecka karmelitanka ze wsp\u00f3lnoty wadowickiej, kt\u00f3ra zmar\u0142a w opinii \u015bwi\u0119to\u015bci w 1955 r. W wieku dwudziestu lat z\u0142o\u017cy\u0142a za zgod\u0105 spowiednika prywatny \u015blub czysto\u015bci i w 1923 r. wst\u0105pi\u0142a do Trzeciego (dzi\u015b \u015awieckiego) Zakonu Karmelit\u00f3w Bosych, przyjmuj\u0105c imi\u0119 Teresa od Dzieci\u0105tka Jezus. Od 1942 r. ks. Bronis\u0142aw Bartkowski, kapelan si\u00f3str [&hellip;]<\/p>\n","protected":false},"author":1,"featured_media":54,"parent":0,"menu_order":0,"comment_status":"closed","ping_status":"closed","template":"","meta":{"footnotes":""},"class_list":["post-42","page","type-page","status-publish","has-post-thumbnail","hentry"],"_links":{"self":[{"href":"https:\/\/kundusia.pl\/index.php\/wp-json\/wp\/v2\/pages\/42","targetHints":{"allow":["GET"]}}],"collection":[{"href":"https:\/\/kundusia.pl\/index.php\/wp-json\/wp\/v2\/pages"}],"about":[{"href":"https:\/\/kundusia.pl\/index.php\/wp-json\/wp\/v2\/types\/page"}],"author":[{"embeddable":true,"href":"https:\/\/kundusia.pl\/index.php\/wp-json\/wp\/v2\/users\/1"}],"replies":[{"embeddable":true,"href":"https:\/\/kundusia.pl\/index.php\/wp-json\/wp\/v2\/comments?post=42"}],"version-history":[{"count":3,"href":"https:\/\/kundusia.pl\/index.php\/wp-json\/wp\/v2\/pages\/42\/revisions"}],"predecessor-version":[{"id":168,"href":"https:\/\/kundusia.pl\/index.php\/wp-json\/wp\/v2\/pages\/42\/revisions\/168"}],"wp:featuredmedia":[{"embeddable":true,"href":"https:\/\/kundusia.pl\/index.php\/wp-json\/wp\/v2\/media\/54"}],"wp:attachment":[{"href":"https:\/\/kundusia.pl\/index.php\/wp-json\/wp\/v2\/media?parent=42"}],"curies":[{"name":"wp","href":"https:\/\/api.w.org\/{rel}","templated":true}]}}