{"id":40,"date":"2023-08-17T15:18:42","date_gmt":"2023-08-17T13:18:42","guid":{"rendered":"http:\/\/kundusia.pl\/?page_id=40"},"modified":"2024-04-24T20:03:51","modified_gmt":"2024-04-24T18:03:51","slug":"o-diakonii","status":"publish","type":"page","link":"https:\/\/kundusia.pl\/index.php\/o-diakonii\/","title":{"rendered":"O Diakonii Przyjaci\u00f3\u0142 Kunegundy Siwiec"},"content":{"rendered":"\n<p>Dzia\u0142a ona w ramach \u015awieckiego Zakonu Karmelit\u00f3w Bosych Prowincji Krakowskiej.<\/p>\n\n\n\n<p>Naszym zadaniem jest, w oparciu o spo\u0142eczn\u0105 nauk\u0119 Ko\u015bcio\u0142a Katolickiego, propagowanie i szerzenie idei dzieci\u0119ctwa duchowego z uwzgl\u0119dnieniem do\u015bwiadcze\u0144 pozostawionych przez nasz\u0105 Patronk\u0119 Kunegund\u0119 Siwiec, a zawartych w Dzienniczku pt. &#8222;Miejsce Mojego Mi\u0142osierdzia i Odpoczynku&#8221; oraz w dzie\u0142ach \u015bw. Teresy od Dzieci\u0105tka Jezus.<\/p>\n\n\n\n<p>Celem jest wsp\u00f3\u0142dzia\u0142anie w procesie beatyfikacyjnym Kunegundy Siwiec, gromadzenie \u015brodk\u00f3w na ten cel, promowanie dzia\u0142alno\u015bci naukowej i publikacyjnej, aby przes\u0142anie i or\u0119dzie Mi\u0142osierdzia promieniuj\u0105ce z \u017cycia Kunegundy, jej bezgraniczna wiara i heroizm w znoszeniu cierpienia sta\u0142y si\u0119 inspiracj\u0105 do na\u015bladowania.<\/p>\n\n\n\n<h4 class=\"wp-block-heading\">O otrzymanych \u0142askach za wstawiennictwem S\u0142ugi Bo\u017cej Kunegundy Siwiec mo\u017cna informowa\u0107 pisz\u0105c na adres: <a href=\"about:blank\">kundusia@kundusia.pl<\/a><\/h4>\n\n\n\n<p>Proces beatyfikacjami mo\u017cna wesprze\u0107 modlitw\u0105 oraz ofiarami wp\u0142acanymi na rachunek:<\/p>\n\n\n\n<p>Diakonia Przyjaci\u00f3\u0142 Kunegundy Siwiec, ul. Karmelicka 30, 34-100 Wadowice<\/p>\n\n\n\n<p>Nr konta: 82 1240 4197 1111 0010 4653 8047<\/p>\n\n\n<div class=\"wp-block-image\">\n<figure class=\"aligncenter size-large\"><img loading=\"lazy\" decoding=\"async\" width=\"1024\" height=\"769\" src=\"https:\/\/kundusia.pl\/wp-content\/uploads\/2023\/08\/290508346_5367132389973407_2761216050173238953_n-1024x769.jpg\" alt=\"\" class=\"wp-image-54\" srcset=\"https:\/\/kundusia.pl\/wp-content\/uploads\/2023\/08\/290508346_5367132389973407_2761216050173238953_n-1024x769.jpg 1024w, https:\/\/kundusia.pl\/wp-content\/uploads\/2023\/08\/290508346_5367132389973407_2761216050173238953_n-300x225.jpg 300w, https:\/\/kundusia.pl\/wp-content\/uploads\/2023\/08\/290508346_5367132389973407_2761216050173238953_n-768x577.jpg 768w, https:\/\/kundusia.pl\/wp-content\/uploads\/2023\/08\/290508346_5367132389973407_2761216050173238953_n.jpg 1200w\" sizes=\"auto, (max-width: 1024px) 100vw, 1024px\" \/><\/figure>\n<\/div>","protected":false},"excerpt":{"rendered":"<p>Dzia\u0142a ona w ramach \u015awieckiego Zakonu Karmelit\u00f3w Bosych Prowincji Krakowskiej. Naszym zadaniem jest, w oparciu o spo\u0142eczn\u0105 nauk\u0119 Ko\u015bcio\u0142a Katolickiego, propagowanie i szerzenie idei dzieci\u0119ctwa duchowego z uwzgl\u0119dnieniem do\u015bwiadcze\u0144 pozostawionych przez nasz\u0105 Patronk\u0119 Kunegund\u0119 Siwiec, a zawartych w Dzienniczku pt. &#8222;Miejsce Mojego Mi\u0142osierdzia i Odpoczynku&#8221; oraz w dzie\u0142ach \u015bw. Teresy od Dzieci\u0105tka Jezus. Celem jest [&hellip;]<\/p>\n","protected":false},"author":1,"featured_media":0,"parent":0,"menu_order":0,"comment_status":"closed","ping_status":"closed","template":"","meta":{"footnotes":""},"class_list":["post-40","page","type-page","status-publish","hentry"],"_links":{"self":[{"href":"https:\/\/kundusia.pl\/index.php\/wp-json\/wp\/v2\/pages\/40","targetHints":{"allow":["GET"]}}],"collection":[{"href":"https:\/\/kundusia.pl\/index.php\/wp-json\/wp\/v2\/pages"}],"about":[{"href":"https:\/\/kundusia.pl\/index.php\/wp-json\/wp\/v2\/types\/page"}],"author":[{"embeddable":true,"href":"https:\/\/kundusia.pl\/index.php\/wp-json\/wp\/v2\/users\/1"}],"replies":[{"embeddable":true,"href":"https:\/\/kundusia.pl\/index.php\/wp-json\/wp\/v2\/comments?post=40"}],"version-history":[{"count":4,"href":"https:\/\/kundusia.pl\/index.php\/wp-json\/wp\/v2\/pages\/40\/revisions"}],"predecessor-version":[{"id":284,"href":"https:\/\/kundusia.pl\/index.php\/wp-json\/wp\/v2\/pages\/40\/revisions\/284"}],"wp:attachment":[{"href":"https:\/\/kundusia.pl\/index.php\/wp-json\/wp\/v2\/media?parent=40"}],"curies":[{"name":"wp","href":"https:\/\/api.w.org\/{rel}","templated":true}]}}